{"id":760,"date":"2026-03-06T21:18:04","date_gmt":"2026-03-06T20:18:04","guid":{"rendered":"https:\/\/www.domiciledoubs.fr\/reseau\/?page_id=760"},"modified":"2026-03-06T21:47:11","modified_gmt":"2026-03-06T20:47:11","slug":"politique-de-confidentialite-rdd","status":"publish","type":"page","link":"https:\/\/www.domiciledoubs.fr\/reseau\/politique-de-confidentialite-rdd\/","title":{"rendered":"Politique de confidentialit\u00e9 &#8211; RDD"},"content":{"rendered":"\t\t<div data-elementor-type=\"wp-page\" data-elementor-id=\"760\" class=\"elementor elementor-760\">\n\t\t\t\t<div class=\"elementor-element elementor-element-d3ad3f4 e-flex e-con-boxed e-con e-parent\" data-id=\"d3ad3f4\" data-element_type=\"container\" data-e-type=\"container\">\n\t\t\t\t\t<div class=\"e-con-inner\">\n\t\t\t\t<div class=\"elementor-element elementor-element-c7a8064 elementor-widget elementor-widget-text-editor\" data-id=\"c7a8064\" data-element_type=\"widget\" data-e-type=\"widget\" data-widget_type=\"text-editor.default\">\n\t\t\t\t\t\t\t\t\t<p data-start=\"737\" data-end=\"758\">\u00a0<\/p><hr data-start=\"760\" data-end=\"763\" \/><h3 style=\"text-align: center;\" data-section-id=\"bj56mf\" data-start=\"765\" data-end=\"797\"><span dir=\"auto\" style=\"color: #000000;\">Politique de confidentialit\u00e9<\/span><\/h3><h3 style=\"text-align: center;\" data-section-id=\"1c223sv\" data-start=\"798\" data-end=\"822\"><span dir=\"auto\" style=\"color: #000000;\">R\u00e9seau DOMICILE DOUBS<\/span><\/h3><p>\u00a0<\/p><h5 data-section-id=\"7dxvs9\" data-start=\"824\" data-end=\"856\"><span dir=\"auto\" style=\"color: #000000;\">1. Responsable du traitement<\/span><\/h5><p data-start=\"858\" data-end=\"927\"><span dir=\"auto\" style=\"color: #000000;\">Le responsable du traitement des donn\u00e9es collect\u00e9es sur ce site est :<\/span><\/p><p data-start=\"929\" data-end=\"994\"><span style=\"color: #000000;\"><strong data-start=\"929\" data-end=\"947\"><span dir=\"auto\">DOMICILE DOUBS<\/span><\/strong><\/span><br data-start=\"947\" data-end=\"950\" \/><span style=\"color: #000000;\"><span dir=\"auto\"> Site internet : <\/span><a class=\"decorated-link\" style=\"color: #000000;\" href=\"https:\/\/www.domiciledoubs.fr\" target=\"_new\" rel=\"noopener\" data-start=\"966\" data-end=\"994\"><span dir=\"auto\">https:\/\/www.domiciledoubs.fr<\/span><\/a><\/span><\/p><p data-start=\"996\" data-end=\"1131\"><span dir=\"auto\" style=\"color: #000000;\">Pour toute question relative \u00e0 la protection des donn\u00e9es personnelles, vous pouvez nous contacter via le formulaire de contact du site.<\/span><\/p><hr data-start=\"1133\" data-end=\"1136\" \/><h5 data-section-id=\"1dcni1b\" data-start=\"1138\" data-end=\"1161\"><span dir=\"auto\" style=\"color: #000000;\">2. Collecte de donn\u00e9es<\/span><\/h5><p data-start=\"1163\" data-end=\"1314\"><span dir=\"auto\" style=\"color: #000000;\">Dans le cadre du processus de candidature au R\u00e9seau DOMICILE DOUBS, certaines donn\u00e9es peuvent \u00eatre collect\u00e9es via les formulaires pr\u00e9sents sur ce site.<\/span><\/p><p data-start=\"1316\" data-end=\"1355\"><span dir=\"auto\" style=\"color: #000000;\">Ces donn\u00e9es peuvent inclure notamment :<\/span><\/p><ul data-start=\"1357\" data-end=\"1656\"><li data-section-id=\"xq2hqq\" data-start=\"1357\" data-end=\"1374\"><p data-start=\"1359\" data-end=\"1374\"><span dir=\"auto\" style=\"color: #000000;\">Nom et pr\u00e9nom<\/span><\/p><\/li><li data-section-id=\"1uy094\" data-start=\"1375\" data-end=\"1409\"><p data-start=\"1377\" data-end=\"1409\"><span dir=\"auto\" style=\"color: #000000;\">Coordonn\u00e9es (email, t\u00e9l\u00e9phone)<\/span><\/p><\/li><li data-section-id=\"1uzjsxc\" data-start=\"1410\" data-end=\"1468\"><p data-start=\"1412\" data-end=\"1468\"><span dir=\"auto\" style=\"color: #000000;\">Localisation ou zone g\u00e9ographique d&rsquo;activit\u00e9 envisag\u00e9e<\/span><\/p><\/li><li data-section-id=\"1k7dyou\" data-start=\"1469\" data-end=\"1521\"><p data-start=\"1471\" data-end=\"1521\"><span dir=\"auto\" style=\"color: #000000;\">Informations relatives au parcours professionnel<\/span><\/p><\/li><li data-section-id=\"1jclzzg\" data-start=\"1522\" data-end=\"1575\"><p data-start=\"1524\" data-end=\"1575\"><span dir=\"auto\" style=\"color: #000000;\">Informations concernant le projet entrepreneurial<\/span><\/p><\/li><li data-section-id=\"jojb82\" data-start=\"1576\" data-end=\"1656\"><p data-start=\"1578\" data-end=\"1656\"><span dir=\"auto\" style=\"color: #000000;\">Toute information communiqu\u00e9e volontairement dans le formulaire de candidature<\/span><\/p><\/li><\/ul><p data-start=\"1658\" data-end=\"1761\"><span style=\"color: #000000;\"><span dir=\"auto\">Ces informations sont n\u00e9cessaires pour <\/span><strong data-start=\"1697\" data-end=\"1760\"><span dir=\"auto\">\u00e9valuer l&rsquo;ad\u00e9quation d&rsquo;un candidat avec le mod\u00e8le du r\u00e9seau<\/span><\/strong><span dir=\"auto\"> .<\/span><\/span><\/p><hr data-start=\"1763\" data-end=\"1766\" \/><h5 data-section-id=\"x37bbz\" data-start=\"1768\" data-end=\"1795\"><span dir=\"auto\" style=\"color: #000000;\">3. Finalit\u00e9 du traitement<\/span><\/h5><p data-start=\"1797\" data-end=\"1852\"><span dir=\"auto\" style=\"color: #000000;\">Les donn\u00e9es collect\u00e9es sont utilis\u00e9es uniquement pour :<\/span><\/p><ul data-start=\"1854\" data-end=\"2030\"><li data-section-id=\"1twhzft\" data-start=\"1854\" data-end=\"1907\"><p data-start=\"1856\" data-end=\"1907\"><span dir=\"auto\" style=\"color: #000000;\">l&rsquo;\u00e9tude des candidatures au r\u00e9seau DOMICILE DOUBS<\/span><\/p><\/li><li data-section-id=\"15wb1ha\" data-start=\"1908\" data-end=\"1954\"><p data-start=\"1910\" data-end=\"1954\"><span dir=\"auto\" style=\"color: #000000;\">l&rsquo;organisation d&rsquo;\u00e9changes de qualification<\/span><\/p><\/li><li data-section-id=\"19w24wp\" data-start=\"1955\" data-end=\"1992\"><p data-start=\"1957\" data-end=\"1992\"><span dir=\"auto\" style=\"color: #000000;\">le suivi du processus d&rsquo;admission<\/span><\/p><\/li><li data-section-id=\"91e4ic\" data-start=\"1993\" data-end=\"2030\"><p data-start=\"1995\" data-end=\"2030\"><span dir=\"auto\" style=\"color: #000000;\">la gestion interne des candidatures<\/span><\/p><\/li><\/ul><p data-start=\"2032\" data-end=\"2111\"><span style=\"color: #000000;\"><span dir=\"auto\">Ces donn\u00e9es <\/span><strong data-start=\"2044\" data-end=\"2110\"><span dir=\"auto\">ne sont pas utilis\u00e9es \u00e0 des fins commerciales ou publicitaires<\/span><\/strong><span dir=\"auto\"> .<\/span><\/span><\/p><hr data-start=\"2113\" data-end=\"2116\" \/><h5 data-section-id=\"u32tsw\" data-start=\"2118\" data-end=\"2138\"><span dir=\"auto\" style=\"color: #000000;\">4. Outils utilis\u00e9s<\/span><\/h5><p data-start=\"2140\" data-end=\"2271\"><span dir=\"auto\" style=\"color: #000000;\">Certaines donn\u00e9es peuvent transiter par des outils techniques permettant le fonctionnement du site et la gestion des candidatures :<\/span><\/p><ul data-start=\"2273\" data-end=\"2456\"><li data-section-id=\"16yoddc\" data-start=\"2273\" data-end=\"2317\"><p data-start=\"2275\" data-end=\"2317\"><span style=\"color: #000000;\"><strong data-start=\"2275\" data-end=\"2291\"><span dir=\"auto\">Fluent Forms<\/span><\/strong><span dir=\"auto\"> (gestion des formulaires)<\/span><\/span><\/p><\/li><li data-section-id=\"4ppmqc\" data-start=\"2318\" data-end=\"2388\"><p data-start=\"2320\" data-end=\"2388\"><span style=\"color: #000000;\"><strong data-start=\"2320\" data-end=\"2332\"><span dir=\"auto\">Make.com<\/span><\/strong><span dir=\"auto\"> (automatisation interne du traitement des<\/span><\/span><\/p><\/li><li data-section-id=\"1tzseix\" data-start=\"2389\" data-end=\"2456\"><p data-start=\"2391\" data-end=\"2456\"><span style=\"color: #000000;\"><strong data-start=\"2391\" data-end=\"2403\"><span dir=\"auto\">T\u00e9l\u00e9gramme<\/span><\/strong><span dir=\"auto\"> (notifications internes de r\u00e9ception de candidature)<\/span><\/span><\/p><\/li><\/ul><p data-start=\"2458\" data-end=\"2547\"><span dir=\"auto\" style=\"color: #000000;\">Ces outils sont utilis\u00e9s uniquement dans le cadre du traitement interne des candidatures.<\/span><\/p><hr data-start=\"2549\" data-end=\"2552\" \/><h5 data-section-id=\"yciamw\" data-start=\"2554\" data-end=\"2592\"><span dir=\"auto\" style=\"color: #000000;\">5. Dur\u00e9e de conservation des donn\u00e9es<\/span><\/h5><p data-start=\"2594\" data-end=\"2665\"><span dir=\"auto\" style=\"color: #000000;\">Les donn\u00e9es de candidature sont conserv\u00e9es pour une dur\u00e9e maximale de :<\/span><\/p><p data-start=\"2667\" data-end=\"2678\"><span style=\"color: #000000;\"><strong data-start=\"2667\" data-end=\"2678\"><span dir=\"auto\">24 mois<\/span><\/strong><\/span><\/p><p data-start=\"2680\" data-end=\"2765\"><span dir=\"auto\" style=\"color: #000000;\">\u00e0 compter du dernier \u00e9change avec le candidat, sauf demande de suppression anticip\u00e9e.<\/span><\/p><hr data-start=\"2767\" data-end=\"2770\" \/><h5 data-section-id=\"ccagbg\" data-start=\"2772\" data-end=\"2794\"><span dir=\"auto\" style=\"color: #000000;\">6. Acc\u00e8s aux donn\u00e9es<\/span><\/h5><p data-start=\"2796\" data-end=\"2848\"><span dir=\"auto\" style=\"color: #000000;\">Les donn\u00e9es recueillies sont accessibles uniquement :<\/span><\/p><ul data-start=\"2850\" data-end=\"2969\"><li data-section-id=\"1vltme3\" data-start=\"2850\" data-end=\"2891\"><p data-start=\"2852\" data-end=\"2891\"><span dir=\"auto\" style=\"color: #000000;\">au responsable du r\u00e9seau DOMICILE DOUBS<\/span><\/p><\/li><li data-section-id=\"1f40j6w\" data-start=\"2892\" data-end=\"2969\"><p data-start=\"2894\" data-end=\"2969\"><span dir=\"auto\" style=\"color: #000000;\">aux personnes habilit\u00e9es \u00e0 participer au processus d&rsquo;\u00e9tude des candidatures<\/span><\/p><\/li><\/ul><p data-start=\"2971\" data-end=\"3047\"><span dir=\"auto\" style=\"color: #000000;\">Elles ne sont pas vendues ni transmises \u00e0 des niveaux \u00e0 des fins commerciales.<\/span><\/p><hr data-start=\"3049\" data-end=\"3052\" \/><h5 data-section-id=\"15cb5hz\" data-start=\"3054\" data-end=\"3079\"><span dir=\"auto\" style=\"color: #000000;\">7. Droits des personnes<\/span><\/h5><p data-start=\"3081\" data-end=\"3192\"><span style=\"color: #000000;\"><span dir=\"auto\">Conform\u00e9ment au <\/span><strong data-start=\"3097\" data-end=\"3155\"><span dir=\"auto\">R\u00e8glement G\u00e9n\u00e9ral sur la Protection des Donn\u00e9es (RGPD)<\/span><\/strong><span dir=\"auto\"> , vous b\u00e9n\u00e9ficiez des droits suivants :<\/span><\/span><\/p><ul data-start=\"3194\" data-end=\"3348\"><li data-section-id=\"18lvkz9\" data-start=\"3194\" data-end=\"3225\"><p data-start=\"3196\" data-end=\"3225\"><span dir=\"auto\" style=\"color: #000000;\">droit d&rsquo;acc\u00e8s \u00e0 vos donn\u00e9es<\/span><\/p><\/li><li data-section-id=\"xanhyt\" data-start=\"3226\" data-end=\"3252\"><p data-start=\"3228\" data-end=\"3252\"><span dir=\"auto\" style=\"color: #000000;\">droit de rectification<\/span><\/p><\/li><li data-section-id=\"righvl\" data-start=\"3253\" data-end=\"3275\"><p data-start=\"3255\" data-end=\"3275\"><span dir=\"auto\" style=\"color: #000000;\">droit d&rsquo;effacement<\/span><\/p><\/li><li data-section-id=\"1753jp5\" data-start=\"3276\" data-end=\"3313\"><p data-start=\"3278\" data-end=\"3313\"><span dir=\"auto\" style=\"color: #000000;\">droit de limitation du traitement<\/span><\/p><\/li><li data-section-id=\"6bzjhq\" data-start=\"3314\" data-end=\"3348\"><p data-start=\"3316\" data-end=\"3348\"><span dir=\"auto\" style=\"color: #000000;\">droit d&rsquo;opposition au traitement<\/span><\/p><\/li><\/ul><p data-start=\"3350\" data-end=\"3445\"><span dir=\"auto\" style=\"color: #000000;\">Vous pouvez exercer ces droits en adressant votre demande via le formulaire de contact du site.<\/span><\/p><hr data-start=\"3447\" data-end=\"3450\" \/><h5 data-section-id=\"2g36l8\" data-start=\"3452\" data-end=\"3477\"><span dir=\"auto\" style=\"color: #000000;\">8. S\u00e9curit\u00e9 des donn\u00e9es<\/span><\/h5><p data-start=\"3479\" data-end=\"3631\"><span dir=\"auto\" style=\"color: #000000;\">Les donn\u00e9es collect\u00e9es sont trait\u00e9es avec les mesures techniques et organisationnelles appropri\u00e9es afin d&rsquo;en garantir la s\u00e9curit\u00e9 et la confidentialit\u00e9.<\/span><\/p><hr data-start=\"3633\" data-end=\"3636\" \/><h5 data-section-id=\"1l2yzly\" data-start=\"3638\" data-end=\"3650\"><span dir=\"auto\" style=\"color: #000000;\">9. Cookies<\/span><\/h5><p data-start=\"3652\" data-end=\"3729\"><span dir=\"auto\" style=\"color: #000000;\">Le site peut utiliser les cookies n\u00e9cessaires \u00e0 sa technique de fonctionnement.<\/span><\/p><p data-start=\"3731\" data-end=\"3804\"><span dir=\"auto\" style=\"color: #000000;\">Ces cookies ne permettent pas d&rsquo;identifier personnellement les visiteurs.<\/span><\/p><hr data-start=\"3806\" data-end=\"3809\" \/><h5 data-section-id=\"1fk03w3\" data-start=\"3811\" data-end=\"3844\"><span dir=\"auto\" style=\"color: #000000;\">10. Mise \u00e0 jour de la politique<\/span><\/h5><p data-start=\"3846\" data-end=\"3986\"><span dir=\"auto\" style=\"color: #000000;\">Cette politique de confidentialit\u00e9 peut \u00eatre mise \u00e0 jour \u00e0 tout moment afin de rester conforme aux \u00e9volutions l\u00e9gales ou techniques du site.<\/span><\/p><hr data-start=\"3988\" data-end=\"3991\" \/><h1 data-section-id=\"rfurqh\" data-start=\"3993\" data-end=\"4019\">\u00a0<\/h1>\t\t\t\t\t\t\t\t<\/div>\n\t\t\t\t\t<\/div>\n\t\t\t\t<\/div>\n\t\t\t\t<\/div>\n\t\t","protected":false},"excerpt":{"rendered":"<p>\u00a0 Politique de confidentialit\u00e9 R\u00e9seau DOMICILE DOUBS \u00a0 1. Responsable du traitement Le responsable du traitement des donn\u00e9es collect\u00e9es sur [&hellip;]<\/p>\n","protected":false},"author":1,"featured_media":0,"parent":0,"menu_order":0,"comment_status":"closed","ping_status":"closed","template":"","meta":{"site-sidebar-layout":"no-sidebar","site-content-layout":"","ast-site-content-layout":"full-width-container","site-content-style":"default","site-sidebar-style":"default","ast-global-header-display":"","ast-banner-title-visibility":"","ast-main-header-display":"","ast-hfb-above-header-display":"","ast-hfb-below-header-display":"","ast-hfb-mobile-header-display":"","site-post-title":"disabled","ast-breadcrumbs-content":"","ast-featured-img":"disabled","footer-sml-layout":"","theme-transparent-header-meta":"","adv-header-id-meta":"","stick-header-meta":"","header-above-stick-meta":"","header-main-stick-meta":"","header-below-stick-meta":"","astra-migrate-meta-layouts":"default","ast-page-background-enabled":"default","ast-page-background-meta":{"desktop":{"background-color":"var(--ast-global-color-5)","background-image":"","background-repeat":"repeat","background-position":"center center","background-size":"auto","background-attachment":"scroll","background-type":"","background-media":"","overlay-type":"","overlay-color":"","overlay-opacity":"","overlay-gradient":""},"tablet":{"background-color":"","background-image":"","background-repeat":"repeat","background-position":"center center","background-size":"auto","background-attachment":"scroll","background-type":"","background-media":"","overlay-type":"","overlay-color":"","overlay-opacity":"","overlay-gradient":""},"mobile":{"background-color":"","background-image":"","background-repeat":"repeat","background-position":"center center","background-size":"auto","background-attachment":"scroll","background-type":"","background-media":"","overlay-type":"","overlay-color":"","overlay-opacity":"","overlay-gradient":""}},"ast-content-background-meta":{"desktop":{"background-color":"var(--ast-global-color-4)","background-image":"","background-repeat":"repeat","background-position":"center center","background-size":"auto","background-attachment":"scroll","background-type":"","background-media":"","overlay-type":"","overlay-color":"","overlay-opacity":"","overlay-gradient":""},"tablet":{"background-color":"var(--ast-global-color-4)","background-image":"","background-repeat":"repeat","background-position":"center center","background-size":"auto","background-attachment":"scroll","background-type":"","background-media":"","overlay-type":"","overlay-color":"","overlay-opacity":"","overlay-gradient":""},"mobile":{"background-color":"var(--ast-global-color-4)","background-image":"","background-repeat":"repeat","background-position":"center center","background-size":"auto","background-attachment":"scroll","background-type":"","background-media":"","overlay-type":"","overlay-color":"","overlay-opacity":"","overlay-gradient":""}},"footnotes":""},"class_list":["post-760","page","type-page","status-publish","hentry"],"aioseo_notices":[],"_links":{"self":[{"href":"https:\/\/www.domiciledoubs.fr\/reseau\/wp-json\/wp\/v2\/pages\/760","targetHints":{"allow":["GET"]}}],"collection":[{"href":"https:\/\/www.domiciledoubs.fr\/reseau\/wp-json\/wp\/v2\/pages"}],"about":[{"href":"https:\/\/www.domiciledoubs.fr\/reseau\/wp-json\/wp\/v2\/types\/page"}],"author":[{"embeddable":true,"href":"https:\/\/www.domiciledoubs.fr\/reseau\/wp-json\/wp\/v2\/users\/1"}],"replies":[{"embeddable":true,"href":"https:\/\/www.domiciledoubs.fr\/reseau\/wp-json\/wp\/v2\/comments?post=760"}],"version-history":[{"count":7,"href":"https:\/\/www.domiciledoubs.fr\/reseau\/wp-json\/wp\/v2\/pages\/760\/revisions"}],"predecessor-version":[{"id":768,"href":"https:\/\/www.domiciledoubs.fr\/reseau\/wp-json\/wp\/v2\/pages\/760\/revisions\/768"}],"wp:attachment":[{"href":"https:\/\/www.domiciledoubs.fr\/reseau\/wp-json\/wp\/v2\/media?parent=760"}],"curies":[{"name":"wp","href":"https:\/\/api.w.org\/{rel}","templated":true}]}}